{"id":80,"date":"2021-10-05T18:52:19","date_gmt":"2021-10-05T16:52:19","guid":{"rendered":"http:\/\/www.catcallsofgraz.at\/?page_id=80"},"modified":"2022-04-10T02:25:59","modified_gmt":"2022-04-10T00:25:59","slug":"team","status":"publish","type":"page","link":"https:\/\/www.catcallsofgraz.at\/?page_id=80","title":{"rendered":"Team"},"content":{"rendered":"<style>\/*! elementor - v3.5.6 - 28-02-2022 *\/<br \/>\n.elementor-widget-image{text-align:center}.elementor-widget-image a{display:inline-block}.elementor-widget-image a img[src$=\".svg\"]{width:48px}.elementor-widget-image img{vertical-align:middle;display:inline-block}<\/style>\n<p>\t\t\t\t\t\t\t\t\t\t\t\t<img loading=\"lazy\" decoding=\"async\" width=\"880\" height=\"880\" src=\"https:\/\/www.catcallsofgraz.at\/wp-content\/uploads\/2022\/04\/Catcalls-of-Graz-23-scaled-e1649550159269-1024x1024.jpg\" alt=\"\" loading=\"lazy\" srcset=\"https:\/\/www.catcallsofgraz.at\/wp-content\/uploads\/2022\/04\/Catcalls-of-Graz-23-scaled-e1649550159269-1024x1024.jpg 1024w, https:\/\/www.catcallsofgraz.at\/wp-content\/uploads\/2022\/04\/Catcalls-of-Graz-23-scaled-e1649550159269-300x300.jpg 300w, https:\/\/www.catcallsofgraz.at\/wp-content\/uploads\/2022\/04\/Catcalls-of-Graz-23-scaled-e1649550159269-150x150.jpg 150w, https:\/\/www.catcallsofgraz.at\/wp-content\/uploads\/2022\/04\/Catcalls-of-Graz-23-scaled-e1649550159269-768x768.jpg 768w, https:\/\/www.catcallsofgraz.at\/wp-content\/uploads\/2022\/04\/Catcalls-of-Graz-23-scaled-e1649550159269-1536x1536.jpg 1536w, https:\/\/www.catcallsofgraz.at\/wp-content\/uploads\/2022\/04\/Catcalls-of-Graz-23-scaled-e1649550159269-666x666.jpg 666w, https:\/\/www.catcallsofgraz.at\/wp-content\/uploads\/2022\/04\/Catcalls-of-Graz-23-scaled-e1649550159269.jpg 1643w\" sizes=\"auto, (max-width: 880px) 100vw, 880px\"><\/p>\n<h2><strong>Sarah<\/strong><\/h2>\n<p><em>Obfrau,&nbsp;<\/em>Kommunikation<\/p>\n<p>Bei Presse- und Kooperationsfragen bist Du bei ihr an der richtigen Stelle. Sarah k\u00fcmmert sich um gemeinsame Projektentwicklung, Workshop Anfragen, Interviews f\u00fcr Uniarbeiten und die Medienarbeit.<\/p>\n<h2><strong>Anna<\/strong><\/h2>\n<p><em>Obfrau, C<\/em>ommunity Management&nbsp;<\/p>\n<p>Mit all deinen Erlebnissen ist Anna f\u00fcr Dich da. Sie ist die Stimme hinter unseren Accounts und meistens Deine erste Ansprechpartnerin. Anna managed unsere wachsende Community und organisiert Kreideaktionen, Workshops und Chalk Back Events.<\/p>\n<p><img loading=\"lazy\" decoding=\"async\" width=\"880\" height=\"880\" src=\"https:\/\/www.catcallsofgraz.at\/wp-content\/uploads\/2022\/04\/Catcalls-of-Graz-22-scaled-e1649550210736-1024x1024.jpg\" alt=\"\" loading=\"lazy\" srcset=\"https:\/\/www.catcallsofgraz.at\/wp-content\/uploads\/2022\/04\/Catcalls-of-Graz-22-scaled-e1649550210736-1024x1024.jpg 1024w, https:\/\/www.catcallsofgraz.at\/wp-content\/uploads\/2022\/04\/Catcalls-of-Graz-22-scaled-e1649550210736-300x300.jpg 300w, https:\/\/www.catcallsofgraz.at\/wp-content\/uploads\/2022\/04\/Catcalls-of-Graz-22-scaled-e1649550210736-150x150.jpg 150w, https:\/\/www.catcallsofgraz.at\/wp-content\/uploads\/2022\/04\/Catcalls-of-Graz-22-scaled-e1649550210736-768x768.jpg 768w, https:\/\/www.catcallsofgraz.at\/wp-content\/uploads\/2022\/04\/Catcalls-of-Graz-22-scaled-e1649550210736-666x666.jpg 666w, https:\/\/www.catcallsofgraz.at\/wp-content\/uploads\/2022\/04\/Catcalls-of-Graz-22-scaled-e1649550210736.jpg 1485w\" sizes=\"auto, (max-width: 880px) 100vw, 880px\"><br \/>\n<img loading=\"lazy\" decoding=\"async\" width=\"880\" height=\"880\" src=\"https:\/\/www.catcallsofgraz.at\/wp-content\/uploads\/2022\/04\/Catcalls-of-Graz-5-scaled-e1649550277636-1024x1024.jpg\" alt=\"\" loading=\"lazy\" srcset=\"https:\/\/www.catcallsofgraz.at\/wp-content\/uploads\/2022\/04\/Catcalls-of-Graz-5-scaled-e1649550277636-1024x1024.jpg 1024w, https:\/\/www.catcallsofgraz.at\/wp-content\/uploads\/2022\/04\/Catcalls-of-Graz-5-scaled-e1649550277636-300x300.jpg 300w, https:\/\/www.catcallsofgraz.at\/wp-content\/uploads\/2022\/04\/Catcalls-of-Graz-5-scaled-e1649550277636-150x150.jpg 150w, https:\/\/www.catcallsofgraz.at\/wp-content\/uploads\/2022\/04\/Catcalls-of-Graz-5-scaled-e1649550277636-768x769.jpg 768w, https:\/\/www.catcallsofgraz.at\/wp-content\/uploads\/2022\/04\/Catcalls-of-Graz-5-scaled-e1649550277636-666x666.jpg 666w, https:\/\/www.catcallsofgraz.at\/wp-content\/uploads\/2022\/04\/Catcalls-of-Graz-5-scaled-e1649550277636.jpg 1387w\" sizes=\"auto, (max-width: 880px) 100vw, 880px\"><\/p>\n<h2><strong>Steffi<\/strong><\/h2>\n<p><em>Kassiererin<\/em><\/p>\n<p>Unsere rechte Hand in allen Finanzangelegenheiten. Sie organisiert unsere Buchhaltung, k\u00fcmmert sich um Kooperationen und unterst\u00fctzt bei F\u00f6rderanfragen.<\/p>\n<h2><strong>Stephanie<\/strong><\/h2>\n<p><em>Catcalls of Leoben, Schriftf\u00fchrerin<\/em><\/p>\n<p>Als Initiatorin von @catcallsofleoben mischt Stephanie unsere Nachbarstadt auf. Wenn Dir in Leoben etwas passiert ist, Du Dich auch dort gegen Sexismus einsetzen m\u00f6chtest oder eine Kooperationsanfrage hast, bist Du bei ihr richtig.<\/p>\n<p><img loading=\"lazy\" decoding=\"async\" width=\"880\" height=\"875\" src=\"https:\/\/www.catcallsofgraz.at\/wp-content\/uploads\/2022\/04\/Stephanie-scaled-e1649550319750-1024x1018.jpg\" alt=\"\" loading=\"lazy\" srcset=\"https:\/\/www.catcallsofgraz.at\/wp-content\/uploads\/2022\/04\/Stephanie-scaled-e1649550319750-1024x1018.jpg 1024w, https:\/\/www.catcallsofgraz.at\/wp-content\/uploads\/2022\/04\/Stephanie-scaled-e1649550319750-300x298.jpg 300w, https:\/\/www.catcallsofgraz.at\/wp-content\/uploads\/2022\/04\/Stephanie-scaled-e1649550319750-150x150.jpg 150w, https:\/\/www.catcallsofgraz.at\/wp-content\/uploads\/2022\/04\/Stephanie-scaled-e1649550319750-768x763.jpg 768w, https:\/\/www.catcallsofgraz.at\/wp-content\/uploads\/2022\/04\/Stephanie-scaled-e1649550319750-1536x1526.jpg 1536w, https:\/\/www.catcallsofgraz.at\/wp-content\/uploads\/2022\/04\/Stephanie-scaled-e1649550319750.jpg 1900w\" sizes=\"auto, (max-width: 880px) 100vw, 880px\"><\/p>\n","protected":false},"excerpt":{"rendered":"<p>Sarah Obfrau,&nbsp;Kommunikation Bei Presse- und Kooperationsfragen bist Du bei ihr an der richtigen Stelle. Sarah k\u00fcmmert sich um gemeinsame Projektentwicklung, Workshop Anfragen, Interviews f\u00fcr Uniarbeiten und die Medienarbeit. Anna Obfrau, Community Management&nbsp; Mit all deinen Erlebnissen ist Anna f\u00fcr Dich da. Sie ist die Stimme hinter unseren Accounts und meistens Deine erste Ansprechpartnerin. Anna managed [&hellip;]<\/p>\n","protected":false},"author":1,"featured_media":0,"parent":0,"menu_order":0,"comment_status":"closed","ping_status":"closed","template":"","meta":{"ngg_post_thumbnail":0,"footnotes":""},"class_list":["post-80","page","type-page","status-publish","hentry"],"_links":{"self":[{"href":"https:\/\/www.catcallsofgraz.at\/index.php?rest_route=\/wp\/v2\/pages\/80","targetHints":{"allow":["GET"]}}],"collection":[{"href":"https:\/\/www.catcallsofgraz.at\/index.php?rest_route=\/wp\/v2\/pages"}],"about":[{"href":"https:\/\/www.catcallsofgraz.at\/index.php?rest_route=\/wp\/v2\/types\/page"}],"author":[{"embeddable":true,"href":"https:\/\/www.catcallsofgraz.at\/index.php?rest_route=\/wp\/v2\/users\/1"}],"replies":[{"embeddable":true,"href":"https:\/\/www.catcallsofgraz.at\/index.php?rest_route=%2Fwp%2Fv2%2Fcomments&post=80"}],"version-history":[{"count":55,"href":"https:\/\/www.catcallsofgraz.at\/index.php?rest_route=\/wp\/v2\/pages\/80\/revisions"}],"predecessor-version":[{"id":596,"href":"https:\/\/www.catcallsofgraz.at\/index.php?rest_route=\/wp\/v2\/pages\/80\/revisions\/596"}],"wp:attachment":[{"href":"https:\/\/www.catcallsofgraz.at\/index.php?rest_route=%2Fwp%2Fv2%2Fmedia&parent=80"}],"curies":[{"name":"wp","href":"https:\/\/api.w.org\/{rel}","templated":true}]}}